{"id":1667,"date":"2023-07-08T17:23:23","date_gmt":"2023-07-08T21:23:23","guid":{"rendered":"http:\/\/leslamesdargent.org\/wp\/?page_id=1667"},"modified":"2023-07-21T16:41:17","modified_gmt":"2023-07-21T20:41:17","slug":"accueil","status":"publish","type":"page","link":"https:\/\/leslamesdargent.org\/wp\/","title":{"rendered":"Accueil"},"content":{"rendered":"\n<div class=\"inherit-container-width wp-block-group alignfull has-ast-global-color-5-background-color has-background is-layout-constrained wp-block-group-is-layout-constrained\">\n<p>Le Club de patinage artistique Les Lames d\u2019Argent de Laval est un organisme \u00e0 but non lucratif cr\u00e9\u00e9 en 1965 qui a pour mission de faire conna\u00eetre le patinage artistique et d\u2019enseigner les techniques de base pour le patinage artistique, le hockey, le patinage de vitesse et la ringuette<\/p>\n\n\n\n<p>Nos programmes de patinage permettent la pratique de ce sport d\u00e8s l\u2019\u00e2ge de 4 ans. Nous offrons des cours pour d\u00e9butant et pour patineurs avanc\u00e9s au niveau r\u00e9cr\u00e9atif et comp\u00e9titif.<\/p>\n\n\n\n<p>Nous sommes affili\u00e9 \u00e0 Patinage Artistique R\u00e9gion Laval, \u00e0 Patinage Qu\u00e9bec ainsi qu\u2019\u00e0 Patinage Canada.<\/p>\n\n\n\n<div style=\"height:30px\" aria-hidden=\"true\" class=\"wp-block-spacer\"><\/div>\n\n\n\n<hr class=\"wp-block-separator has-css-opacity is-style-wide\"\/>\n\n\n\n<div class=\"wp-block-columns alignwide is-layout-flex wp-container-core-columns-is-layout-28f84493 wp-block-columns-is-layout-flex\">\n<div class=\"wp-block-column is-layout-flow wp-block-column-is-layout-flow\">\n<div class=\"inherit-container-width wp-block-group is-layout-constrained wp-block-group-is-layout-constrained\">\n<h3 class=\"wp-block-heading has-text-align-center has-ast-global-color-2-color has-text-color\">Patinage D\u00e9butant<\/h3>\n\n\n\n<p class=\"has-text-align-center has-ast-global-color-3-color has-text-color\">Un programme d&rsquo;apprentissage des bases du patinage pour les enfants de 4 ans et plus.<\/p>\n\n\n\n<p class=\"has-text-align-center\"><a href=\"https:\/\/leslamesdargent.org\/wp\/patinage-en-groupe\/stucture\" data-type=\"page\" data-id=\"77\">Lire la suite<\/a><\/p>\n\n\n\n<hr class=\"wp-block-separator has-css-opacity\"\/>\n\n\n\n<figure class=\"wp-block-image size-full\"><img decoding=\"async\" src=\"https:\/\/leslamesdargent.org\/wp\/wp-content\/uploads\/2023\/07\/PP-web.jpg\" alt=\"\"\/><\/figure>\n<\/div>\n<\/div>\n\n\n\n<div class=\"wp-block-column is-layout-flow wp-block-column-is-layout-flow\">\n<div class=\"inherit-container-width wp-block-group is-layout-constrained wp-block-group-is-layout-constrained\">\n<h3 class=\"wp-block-heading has-text-align-center has-ast-global-color-3-color has-text-color\">Patinage Avanc\u00e9<\/h3>\n\n\n\n<p class=\"has-text-align-center has-ast-global-color-3-color has-text-color\">Apprenez-en davantage sur nos programmes de patinage pour les patineurs avanc\u00e9s.<\/p>\n\n\n\n<p class=\"has-text-align-center\"><a href=\"https:\/\/leslamesdargent.org\/wp\/patinage-avance\/programmes-de-patinage\">Lire la suite<\/a><\/p>\n\n\n\n<hr class=\"wp-block-separator has-css-opacity\"\/>\n\n\n\n<figure class=\"wp-block-image size-full\"><img loading=\"lazy\" decoding=\"async\" width=\"1024\" height=\"731\" src=\"https:\/\/leslamesdargent.org\/wp\/wp-content\/uploads\/2023\/07\/skater-web.jpg\" alt=\"\" class=\"wp-image-1695\" srcset=\"https:\/\/leslamesdargent.org\/wp\/wp-content\/uploads\/2023\/07\/skater-web.jpg 1024w, https:\/\/leslamesdargent.org\/wp\/wp-content\/uploads\/2023\/07\/skater-web-300x214.jpg 300w, https:\/\/leslamesdargent.org\/wp\/wp-content\/uploads\/2023\/07\/skater-web-768x548.jpg 768w\" sizes=\"auto, (max-width: 1024px) 100vw, 1024px\" \/><\/figure>\n<\/div>\n<\/div>\n\n\n\n<div class=\"wp-block-column is-layout-flow wp-block-column-is-layout-flow\">\n<div class=\"inherit-container-width wp-block-group is-layout-constrained wp-block-group-is-layout-constrained\">\n<h3 class=\"wp-block-heading has-text-align-center has-ast-global-color-3-color has-text-color\">Nos \u00e9v\u00e9nements<\/h3>\n\n\n\n<p class=\"has-text-align-center has-ast-global-color-3-color has-text-color\">Retrouvez toutes les informations concernant les \u00e9v\u00e9nements au club.<\/p>\n\n\n\n<p class=\"has-text-align-center\"><a href=\"https:\/\/leslamesdargent.org\/wp\/evenements\">Lire la suite<\/a><\/p>\n\n\n\n<hr class=\"wp-block-separator has-css-opacity\"\/>\n\n\n\n<figure class=\"wp-block-image size-full\"><img loading=\"lazy\" decoding=\"async\" width=\"1024\" height=\"731\" src=\"https:\/\/leslamesdargent.org\/wp\/wp-content\/uploads\/2023\/07\/show-web.jpg\" alt=\"\" class=\"wp-image-1694\" srcset=\"https:\/\/leslamesdargent.org\/wp\/wp-content\/uploads\/2023\/07\/show-web.jpg 1024w, https:\/\/leslamesdargent.org\/wp\/wp-content\/uploads\/2023\/07\/show-web-300x214.jpg 300w, https:\/\/leslamesdargent.org\/wp\/wp-content\/uploads\/2023\/07\/show-web-768x548.jpg 768w\" sizes=\"auto, (max-width: 1024px) 100vw, 1024px\" \/><\/figure>\n<\/div>\n<\/div>\n<\/div>\n<\/div>\n\n\n\n<h3 class=\"wp-block-heading has-ast-global-color-3-color has-text-color has-large-font-size\">Derni\u00e8res nouvelles<\/h3>\n\n\n<div id=\"bdpp-post-list-1\" class=\"bdpp-wrap bdpp-lite bdpp-post-list-wrap bdpp-post-data-wrap bdpp-design-1  bdpp-clearfix\">\r\n\t<div class=\"bdpp-post-list-inr-wrap bdpp-post-data-inr-wrap bdpp-clearfix\"><div class=\"bdpp-post-list-main bdpp-post-2026 bdpp-post-standard bdpp-no-thumb\">\r\n\t<div class=\"bdpp-post-list-content bdpp-clearfix\">\r\n\t\t\r\n\t\t<div class=\"bdpp-post-list-right bdpp-col-1 bdpp-columns\">\r\n\t\t\t\r\n\t\t\t<h2 class=\"bdpp-post-title\">\r\n\t\t\t\t<a href=\"https:\/\/leslamesdargent.org\/wp\/archives\/2026\">A.G.A. 2025<\/a>\r\n\t\t\t<\/h2>\r\n\r\n\t\t\t\t\t\t<div class=\"bdpp-post-meta bdpp-post-meta-up\">\r\n\t\t\t\t<span class=\"bdpp-post-meta-data bdpp-post-date\"><i class=\"fa fa-clock-o\"><\/i>18 mai 2025<\/span>\t\t\t<\/div>\r\n\t\t\t\t\t\t<div class=\"bdpp-post-content\">\r\n\t\t\t\t<div class=\"bdpp-post-desc\">Le CPA Les Lames d&#39;Argent tiendra son assembl\u00e9e g\u00e9n\u00e9rale (AGA) le lundi 16 juin \u00e0 19h30 au Complexe sportif Guimond - salle Le Stade (entr\u00e9e \u00e0 l&#39;avant \u00e0 votre gauche)...<\/div>\r\n\t\t\t\t\t\t\t\t\t<a href=\"https:\/\/leslamesdargent.org\/wp\/archives\/2026\" class=\"bdpp-rdmr-btn\">Lire la suite<\/a>\r\n\t\t\t\t\t\t\t<\/div>\r\n\t\t\t\t\t<\/div>\r\n\t<\/div>\r\n<\/div><div class=\"bdpp-post-list-main bdpp-post-1772 bdpp-post-standard bdpp-sticky bdpp-has-thumb\">\r\n\t<div class=\"bdpp-post-list-content bdpp-clearfix\">\r\n\t\t\t\t<div class=\"bdpp-post-list-left bdpp-col-2 bdpp-columns\">\r\n\t\t\t<div class=\"bdpp-post-img-bg\">\r\n\t\t\t\t<a href=\"https:\/\/leslamesdargent.org\/wp\/archives\/1772\">\r\n\t\t\t\t\t<img decoding=\"async\" src=\"http:\/\/leslamesdargent.org\/wp\/wp-content\/uploads\/2023\/07\/PatinagePlus2-1024x681.jpg\" class=\"bdpp-img bdpp-post-feat-img\" alt=\"Inscription cours de groupe Patinage Plus\" \/>\r\n\t\t\t\t\t\t\t\t\t<\/a>\r\n\t\t\t<\/div>\r\n\t\t<\/div>\r\n\t\t\r\n\t\t<div class=\"bdpp-post-list-right bdpp-col-2 bdpp-columns\">\r\n\t\t\t\r\n\t\t\t<h2 class=\"bdpp-post-title\">\r\n\t\t\t\t<a href=\"https:\/\/leslamesdargent.org\/wp\/archives\/1772\">Inscription cours de groupe Patinage Plus<\/a>\r\n\t\t\t<\/h2>\r\n\r\n\t\t\t\t\t\t<div class=\"bdpp-post-meta bdpp-post-meta-up\">\r\n\t\t\t\t<span class=\"bdpp-post-meta-data bdpp-post-date\"><i class=\"fa fa-clock-o\"><\/i>6 juillet 2024<\/span>\t\t\t<\/div>\r\n\t\t\t\t\t\t<div class=\"bdpp-post-content\">\r\n\t\t\t\t<div class=\"bdpp-post-desc\">Les inscriptions pour les cours de groupe pour les nouveaux patineurs d\u00e9butera vers la mi-ao\u00fbt. Les cours d\u00e9butent le 18 septembre et se terminent au d\u00e9but mars, avec une pause...<\/div>\r\n\t\t\t\t\t\t\t\t\t<a href=\"https:\/\/leslamesdargent.org\/wp\/archives\/1772\" class=\"bdpp-rdmr-btn\">Lire la suite<\/a>\r\n\t\t\t\t\t\t\t<\/div>\r\n\t\t\t\t\t<\/div>\r\n\t<\/div>\r\n<\/div><div class=\"bdpp-post-list-main bdpp-post-1781 bdpp-post-standard bdpp-no-thumb\">\r\n\t<div class=\"bdpp-post-list-content bdpp-clearfix\">\r\n\t\t\r\n\t\t<div class=\"bdpp-post-list-right bdpp-col-1 bdpp-columns\">\r\n\t\t\t\r\n\t\t\t<h2 class=\"bdpp-post-title\">\r\n\t\t\t\t<a href=\"https:\/\/leslamesdargent.org\/wp\/archives\/1781\">Progammes de soutien financier<\/a>\r\n\t\t\t<\/h2>\r\n\r\n\t\t\t\t\t\t<div class=\"bdpp-post-meta bdpp-post-meta-up\">\r\n\t\t\t\t<span class=\"bdpp-post-meta-data bdpp-post-date\"><i class=\"fa fa-clock-o\"><\/i>19 juillet 2023<\/span>\t\t\t<\/div>\r\n\t\t\t\t\t\t<div class=\"bdpp-post-content\">\r\n\t\t\t\t<div class=\"bdpp-post-desc\">Fonds d&#39;accessibilit\u00e9 en sport (Sport-Laval) En d\u00e9posant une demande en ligne ou en personne (sur rendez-vous) d\u2019ici le 31 d\u00e9cembre 2023, les familles lavalloises dont le revenu avant imp\u00f4t est...<\/div>\r\n\t\t\t\t\t\t\t\t\t<a href=\"https:\/\/leslamesdargent.org\/wp\/archives\/1781\" class=\"bdpp-rdmr-btn\">Lire la suite<\/a>\r\n\t\t\t\t\t\t\t<\/div>\r\n\t\t\t\t\t<\/div>\r\n\t<\/div>\r\n<\/div>\t<\/div>\r\n\t<\/div>\n","protected":false},"excerpt":{"rendered":"<p>Le Club de patinage artistique Les Lames d\u2019Argent de Laval est un organisme \u00e0 but non lucratif cr\u00e9\u00e9 en 1965 qui a pour mission de faire conna\u00eetre le patinage artistique [&hellip;]<\/p>\n","protected":false},"author":1,"featured_media":0,"parent":0,"menu_order":0,"comment_status":"closed","ping_status":"closed","template":"","meta":{"_uag_custom_page_level_css":"","site-sidebar-layout":"right-sidebar","site-content-layout":"content-boxed-container","ast-site-content-layout":"","site-content-style":"default","site-sidebar-style":"default","ast-global-header-display":"","ast-banner-title-visibility":"","ast-main-header-display":"","ast-hfb-above-header-display":"","ast-hfb-below-header-display":"","ast-hfb-mobile-header-display":"","site-post-title":"disabled","ast-breadcrumbs-content":"","ast-featured-img":"","footer-sml-layout":"","theme-transparent-header-meta":"","adv-header-id-meta":"","stick-header-meta":"","header-above-stick-meta":"","header-main-stick-meta":"","header-below-stick-meta":"","astra-migrate-meta-layouts":"default","ast-page-background-enabled":"default","ast-page-background-meta":{"desktop":{"background-color":"var(--ast-global-color-4)","background-image":"","background-repeat":"repeat","background-position":"center center","background-size":"auto","background-attachment":"scroll","background-type":"","background-media":"","overlay-type":"","overlay-color":"","overlay-opacity":"","overlay-gradient":""},"tablet":{"background-color":"","background-image":"","background-repeat":"repeat","background-position":"center center","background-size":"auto","background-attachment":"scroll","background-type":"","background-media":"","overlay-type":"","overlay-color":"","overlay-opacity":"","overlay-gradient":""},"mobile":{"background-color":"","background-image":"","background-repeat":"repeat","background-position":"center center","background-size":"auto","background-attachment":"scroll","background-type":"","background-media":"","overlay-type":"","overlay-color":"","overlay-opacity":"","overlay-gradient":""}},"ast-content-background-meta":{"desktop":{"background-color":"var(--ast-global-color-5)","background-image":"","background-repeat":"repeat","background-position":"center center","background-size":"auto","background-attachment":"scroll","background-type":"","background-media":"","overlay-type":"","overlay-color":"","overlay-opacity":"","overlay-gradient":""},"tablet":{"background-color":"var(--ast-global-color-5)","background-image":"","background-repeat":"repeat","background-position":"center center","background-size":"auto","background-attachment":"scroll","background-type":"","background-media":"","overlay-type":"","overlay-color":"","overlay-opacity":"","overlay-gradient":""},"mobile":{"background-color":"var(--ast-global-color-5)","background-image":"","background-repeat":"repeat","background-position":"center center","background-size":"auto","background-attachment":"scroll","background-type":"","background-media":"","overlay-type":"","overlay-color":"","overlay-opacity":"","overlay-gradient":""}},"_price":"","_stock":"","_tribe_ticket_header":"","_tribe_default_ticket_provider":"","_tribe_ticket_capacity":"0","_ticket_start_date":"","_ticket_end_date":"","_tribe_ticket_show_description":"","_tribe_ticket_show_not_going":false,"_tribe_ticket_use_global_stock":"","_tribe_ticket_global_stock_level":"","_global_stock_mode":"","_global_stock_cap":"","_tribe_rsvp_for_event":"","_tribe_ticket_going_count":"","_tribe_ticket_not_going_count":"","_tribe_tickets_list":"[]","_tribe_ticket_has_attendee_info_fields":false,"_EventAllDay":false,"_EventTimezone":"","_EventStartDate":"","_EventEndDate":"","_EventStartDateUTC":"","_EventEndDateUTC":"","_EventShowMap":false,"_EventShowMapLink":false,"_EventURL":"","_EventCost":"","_EventCostDescription":"","_EventCurrencySymbol":"","_EventCurrencyCode":"","_EventCurrencyPosition":"","_EventDateTimeSeparator":"","_EventTimeRangeSeparator":"","_EventOrganizerID":[],"_EventVenueID":[],"_OrganizerEmail":"","_OrganizerPhone":"","_OrganizerWebsite":"","_VenueAddress":"","_VenueCity":"","_VenueCountry":"","_VenueProvince":"","_VenueState":"","_VenueZip":"","_VenuePhone":"","_VenueURL":"","_VenueStateProvince":"","_VenueLat":"","_VenueLng":"","_VenueShowMap":false,"_VenueShowMapLink":false,"footnotes":"","_tec_slr_enabled":"","_tec_slr_layout":""},"class_list":["post-1667","page","type-page","status-publish","hentry"],"uagb_featured_image_src":{"full":false,"thumbnail":false,"medium":false,"medium_large":false,"large":false,"1536x1536":false,"2048x2048":false,"bdpp-medium":false},"uagb_author_info":{"display_name":"admin","author_link":"https:\/\/leslamesdargent.org\/wp\/archives\/author\/admin"},"uagb_comment_info":0,"uagb_excerpt":"Le Club de patinage artistique Les Lames d\u2019Argent de Laval est un organisme \u00e0 but non lucratif cr\u00e9\u00e9 en 1965 qui a pour mission de faire conna\u00eetre le patinage artistique [&hellip;]","ticketed":false,"_links":{"self":[{"href":"https:\/\/leslamesdargent.org\/wp\/wp-json\/wp\/v2\/pages\/1667","targetHints":{"allow":["GET"]}}],"collection":[{"href":"https:\/\/leslamesdargent.org\/wp\/wp-json\/wp\/v2\/pages"}],"about":[{"href":"https:\/\/leslamesdargent.org\/wp\/wp-json\/wp\/v2\/types\/page"}],"author":[{"embeddable":true,"href":"https:\/\/leslamesdargent.org\/wp\/wp-json\/wp\/v2\/users\/1"}],"replies":[{"embeddable":true,"href":"https:\/\/leslamesdargent.org\/wp\/wp-json\/wp\/v2\/comments?post=1667"}],"version-history":[{"count":15,"href":"https:\/\/leslamesdargent.org\/wp\/wp-json\/wp\/v2\/pages\/1667\/revisions"}],"predecessor-version":[{"id":1793,"href":"https:\/\/leslamesdargent.org\/wp\/wp-json\/wp\/v2\/pages\/1667\/revisions\/1793"}],"wp:attachment":[{"href":"https:\/\/leslamesdargent.org\/wp\/wp-json\/wp\/v2\/media?parent=1667"}],"curies":[{"name":"wp","href":"https:\/\/api.w.org\/{rel}","templated":true}]}}