{"id":87,"date":"2017-05-02T14:03:19","date_gmt":"2017-05-02T18:03:19","guid":{"rendered":"http:\/\/leslamesdargent.org\/wp\/?page_id=87"},"modified":"2024-09-01T14:18:04","modified_gmt":"2024-09-01T18:18:04","slug":"reglements","status":"publish","type":"page","link":"https:\/\/leslamesdargent.org\/wp\/a-propos\/reglements","title":{"rendered":"R\u00e8glements"},"content":{"rendered":"<ol>\n<li style=\"list-style-type: none;\">\n<ol>\n<li>Chandail du club obligatoire pour le cours de \u00ab Patinage Plus \u00bb. Pour les programmes avanc\u00e9s, vous devez absolument porter des v\u00eatements appropri\u00e9s \u00e0 la pratique du patinage artistique.<\/li>\n<li>Les cheveux longs doivent \u00eatre attach\u00e9s sur la glace.<\/li>\n<li>\u00a0Il n\u2019est pas permis de manger ou m\u00e2cher de la gomme sur la patinoire.<\/li>\n<li>Il faut se relever rapidement apr\u00e8s une chute.<\/li>\n<li>Il faut respecter les autres patineurs, surtout lors des solos, et ne pas rester en position immobile sur la gace.<\/li>\n<li>La pratique des pirouettes doit se faire pr\u00e8s du centre de la patinoire.<\/li>\n<li>Il faut respecter les heures de d\u00e9but et de fin de s\u00e9ance, selon les sessions r\u00e9serv\u00e9es.<\/li>\n<li>Il faut quitter la glace d\u00e8s le son de la cloche.<\/li>\n<li>Les portes de la patinoire devront \u00eatre ferm\u00e9es durant les pratiques.<\/li>\n<li>Il est interdit qu\u2019un patineur ou entra\u00eeneur professionnel soit sur la patinoire sans patins.<\/li>\n<li>Aucun parent ne sera tol\u00e9r\u00e9 sur le bord de la bande. Les parents doivent demeurer dans les estrades et ne pas d\u00e9ranger les patineurs sur la glace.<\/li>\n<li>La pr\u00e9sence des patineurs sur la glace est autoris\u00e9e seulement en pr\u00e9sence d\u2019un entra\u00eeneur professionnel<\/li>\n<li>Les b\u00e9n\u00e9voles devront \u00eatre respect\u00e9s en tout temps.<\/li>\n<li>Les patineurs doivent tenter de garder leur environnement d&rsquo;entra\u00eenement propre.<\/li>\n<li>Les permissions sp\u00e9ciales doivent \u00eatre demand\u00e9es au directeur responsable par l\u2019entraineur.<\/li>\n<li>L&rsquo;intimidation ou la violence sous toutes formes sont interdites.<\/li>\n<\/ol>\n<\/li>\n<\/ol>\n<p>Voici les modalit\u00e9s d\u2019application des sanctions pour un premier manquement, une r\u00e9cidive ou encore de multiples manquements* ou un manquement majeur**<\/p>\n<ol>\n<li>Avertissement verbal rappelant le comportement attendu.<\/li>\n<li>Avertissement \u00e9crit sous forme de lettre aux personnes concern\u00e9es rappelant le comportement attendu.<\/li>\n<li>Retrait du plateau d\u2019entrainement et signature d\u2019une entente* pour le r\u00e9int\u00e9grer. Le C.A. discutera de la situation avec les personnes concern\u00e9es et d\u00e9terminera la dur\u00e9e de la suspension. Ensuite, une entente sera r\u00e9dig\u00e9e et sign\u00e9e par les parties en vue d\u2019une r\u00e9int\u00e9gration.<\/li>\n<li>Tout geste d\u2019intimidation ou de violence sous toutes ses formes** ne sera tol\u00e9r\u00e9 et entra\u00eenera syst\u00e9matiquement une suspension pour un temps ind\u00e9termin\u00e9. Le C.A d\u00e9cidera si la personne pourra ou non r\u00e9int\u00e9grer le plateau d\u2019entra\u00eenement ou l\u2019installation le cas-\u00e9ch\u00e9ant.<\/li>\n<\/ol>\n","protected":false},"excerpt":{"rendered":"<p>Chandail du club obligatoire pour le cours de \u00ab Patinage Plus \u00bb. Pour les programmes avanc\u00e9s, vous devez absolument porter des v\u00eatements appropri\u00e9s \u00e0 la pratique du patinage artistique. Les [&hellip;]<\/p>\n","protected":false},"author":1,"featured_media":0,"parent":2,"menu_order":4,"comment_status":"closed","ping_status":"closed","template":"","meta":{"_uag_custom_page_level_css":"","site-sidebar-layout":"default","site-content-layout":"","ast-site-content-layout":"default","site-content-style":"default","site-sidebar-style":"default","ast-global-header-display":"","ast-banner-title-visibility":"","ast-main-header-display":"","ast-hfb-above-header-display":"","ast-hfb-below-header-display":"","ast-hfb-mobile-header-display":"","site-post-title":"","ast-breadcrumbs-content":"","ast-featured-img":"","footer-sml-layout":"","theme-transparent-header-meta":"","adv-header-id-meta":"","stick-header-meta":"","header-above-stick-meta":"","header-main-stick-meta":"","header-below-stick-meta":"","astra-migrate-meta-layouts":"set","ast-page-background-enabled":"default","ast-page-background-meta":{"desktop":{"background-color":"var(--ast-global-color-4)","background-image":"","background-repeat":"repeat","background-position":"center center","background-size":"auto","background-attachment":"scroll","background-type":"","background-media":"","overlay-type":"","overlay-color":"","overlay-opacity":"","overlay-gradient":""},"tablet":{"background-color":"","background-image":"","background-repeat":"repeat","background-position":"center center","background-size":"auto","background-attachment":"scroll","background-type":"","background-media":"","overlay-type":"","overlay-color":"","overlay-opacity":"","overlay-gradient":""},"mobile":{"background-color":"","background-image":"","background-repeat":"repeat","background-position":"center center","background-size":"auto","background-attachment":"scroll","background-type":"","background-media":"","overlay-type":"","overlay-color":"","overlay-opacity":"","overlay-gradient":""}},"ast-content-background-meta":{"desktop":{"background-color":"var(--ast-global-color-5)","background-image":"","background-repeat":"repeat","background-position":"center center","background-size":"auto","background-attachment":"scroll","background-type":"","background-media":"","overlay-type":"","overlay-color":"","overlay-opacity":"","overlay-gradient":""},"tablet":{"background-color":"var(--ast-global-color-5)","background-image":"","background-repeat":"repeat","background-position":"center center","background-size":"auto","background-attachment":"scroll","background-type":"","background-media":"","overlay-type":"","overlay-color":"","overlay-opacity":"","overlay-gradient":""},"mobile":{"background-color":"var(--ast-global-color-5)","background-image":"","background-repeat":"repeat","background-position":"center center","background-size":"auto","background-attachment":"scroll","background-type":"","background-media":"","overlay-type":"","overlay-color":"","overlay-opacity":"","overlay-gradient":""}},"_price":"","_stock":"","_tribe_ticket_header":"","_tribe_default_ticket_provider":"","_tribe_ticket_capacity":"0","_ticket_start_date":"","_ticket_end_date":"","_tribe_ticket_show_description":"","_tribe_ticket_show_not_going":false,"_tribe_ticket_use_global_stock":"","_tribe_ticket_global_stock_level":"","_global_stock_mode":"","_global_stock_cap":"","_tribe_rsvp_for_event":"","_tribe_ticket_going_count":"","_tribe_ticket_not_going_count":"","_tribe_tickets_list":"[]","_tribe_ticket_has_attendee_info_fields":false,"_EventAllDay":false,"_EventTimezone":"","_EventStartDate":"","_EventEndDate":"","_EventStartDateUTC":"","_EventEndDateUTC":"","_EventShowMap":false,"_EventShowMapLink":false,"_EventURL":"","_EventCost":"","_EventCostDescription":"","_EventCurrencySymbol":"","_EventCurrencyCode":"","_EventCurrencyPosition":"","_EventDateTimeSeparator":"","_EventTimeRangeSeparator":"","_EventOrganizerID":[],"_EventVenueID":[],"_OrganizerEmail":"","_OrganizerPhone":"","_OrganizerWebsite":"","_VenueAddress":"","_VenueCity":"","_VenueCountry":"","_VenueProvince":"","_VenueState":"","_VenueZip":"","_VenuePhone":"","_VenueURL":"","_VenueStateProvince":"","_VenueLat":"","_VenueLng":"","_VenueShowMap":false,"_VenueShowMapLink":false,"footnotes":"","_tec_slr_enabled":"","_tec_slr_layout":""},"class_list":["post-87","page","type-page","status-publish","hentry"],"uagb_featured_image_src":{"full":false,"thumbnail":false,"medium":false,"medium_large":false,"large":false,"1536x1536":false,"2048x2048":false,"bdpp-medium":false},"uagb_author_info":{"display_name":"admin","author_link":"https:\/\/leslamesdargent.org\/wp\/archives\/author\/admin"},"uagb_comment_info":0,"uagb_excerpt":"Chandail du club obligatoire pour le cours de \u00ab Patinage Plus \u00bb. Pour les programmes avanc\u00e9s, vous devez absolument porter des v\u00eatements appropri\u00e9s \u00e0 la pratique du patinage artistique. Les [&hellip;]","ticketed":false,"_links":{"self":[{"href":"https:\/\/leslamesdargent.org\/wp\/wp-json\/wp\/v2\/pages\/87","targetHints":{"allow":["GET"]}}],"collection":[{"href":"https:\/\/leslamesdargent.org\/wp\/wp-json\/wp\/v2\/pages"}],"about":[{"href":"https:\/\/leslamesdargent.org\/wp\/wp-json\/wp\/v2\/types\/page"}],"author":[{"embeddable":true,"href":"https:\/\/leslamesdargent.org\/wp\/wp-json\/wp\/v2\/users\/1"}],"replies":[{"embeddable":true,"href":"https:\/\/leslamesdargent.org\/wp\/wp-json\/wp\/v2\/comments?post=87"}],"version-history":[{"count":7,"href":"https:\/\/leslamesdargent.org\/wp\/wp-json\/wp\/v2\/pages\/87\/revisions"}],"predecessor-version":[{"id":1976,"href":"https:\/\/leslamesdargent.org\/wp\/wp-json\/wp\/v2\/pages\/87\/revisions\/1976"}],"up":[{"embeddable":true,"href":"https:\/\/leslamesdargent.org\/wp\/wp-json\/wp\/v2\/pages\/2"}],"wp:attachment":[{"href":"https:\/\/leslamesdargent.org\/wp\/wp-json\/wp\/v2\/media?parent=87"}],"curies":[{"name":"wp","href":"https:\/\/api.w.org\/{rel}","templated":true}]}}